{"id":2447,"date":"2023-01-24T22:46:26","date_gmt":"2023-01-24T22:46:26","guid":{"rendered":"https:\/\/chamclad.com\/literatura\/"},"modified":"2023-06-19T19:58:37","modified_gmt":"2023-06-19T19:58:37","slug":"literatura","status":"publish","type":"page","link":"https:\/\/chamclad.com\/es\/recursos\/literatura\/","title":{"rendered":"Literatura"},"content":{"rendered":"\t\t<div data-elementor-type=\"wp-page\" data-elementor-id=\"2447\" class=\"elementor elementor-2447 elementor-369\" data-elementor-post-type=\"page\">\n\t\t\t\t\t\t<section data-dce-background-image-url=\"https:\/\/chamclad.com\/wp-content\/uploads\/2023\/01\/2k_ChamClad-6_Spanish-Cedar-Soffit_fourth_EXTSFT.jpg\" class=\"elementor-section elementor-top-section elementor-element elementor-element-46231f4c elementor-section-height-min-height elementor-section-boxed elementor-section-height-default elementor-section-items-middle\" data-id=\"46231f4c\" data-element_type=\"section\" data-e-type=\"section\" data-settings=\"{&quot;background_background&quot;:&quot;classic&quot;}\">\n\t\t\t\t\t\t\t<div class=\"elementor-background-overlay\"><\/div>\n\t\t\t\t\t\t\t<div class=\"elementor-container elementor-column-gap-default\">\n\t\t\t\t\t<div class=\"elementor-column elementor-col-100 elementor-top-column elementor-element elementor-element-7f4e166\" data-id=\"7f4e166\" data-element_type=\"column\" data-e-type=\"column\">\n\t\t\t<div class=\"elementor-widget-wrap\">\n\t\t\t\t\t\t\t<\/div>\n\t\t<\/div>\n\t\t\t\t\t<\/div>\n\t\t<\/section>\n\t\t\t\t<section class=\"elementor-section elementor-top-section elementor-element elementor-element-46cec8f3 elementor-section-boxed elementor-section-height-default elementor-section-height-default\" data-id=\"46cec8f3\" data-element_type=\"section\" data-e-type=\"section\" data-settings=\"{&quot;background_background&quot;:&quot;classic&quot;}\">\n\t\t\t\t\t\t<div class=\"elementor-container elementor-column-gap-default\">\n\t\t\t\t\t<div class=\"elementor-column elementor-col-100 elementor-top-column elementor-element elementor-element-4b008d3b\" data-id=\"4b008d3b\" data-element_type=\"column\" data-e-type=\"column\">\n\t\t\t<div class=\"elementor-widget-wrap elementor-element-populated\">\n\t\t\t\t\t\t<div class=\"elementor-element elementor-element-278eb6a7 elementor-widget elementor-widget-heading\" data-id=\"278eb6a7\" data-element_type=\"widget\" data-e-type=\"widget\" data-widget_type=\"heading.default\">\n\t\t\t\t<div class=\"elementor-widget-container\">\n\t\t\t\t\t<h1 class=\"elementor-heading-title elementor-size-default\">Literatura<\/h1>\t\t\t\t<\/div>\n\t\t\t\t<\/div>\n\t\t\t\t\t<\/div>\n\t\t<\/div>\n\t\t\t\t\t<\/div>\n\t\t<\/section>\n\t\t\t\t<section class=\"elementor-section elementor-top-section elementor-element elementor-element-48f8b92 elementor-section-boxed elementor-section-height-default elementor-section-height-default\" data-id=\"48f8b92\" data-element_type=\"section\" data-e-type=\"section\" id=\"brochures\" data-settings=\"{&quot;background_background&quot;:&quot;classic&quot;}\">\n\t\t\t\t\t\t<div class=\"elementor-container elementor-column-gap-wide\">\n\t\t\t\t\t<div class=\"elementor-column elementor-col-50 elementor-top-column elementor-element elementor-element-617c602\" data-id=\"617c602\" data-element_type=\"column\" data-e-type=\"column\">\n\t\t\t<div class=\"elementor-widget-wrap elementor-element-populated\">\n\t\t\t\t\t\t<div class=\"elementor-element elementor-element-4c176ec dce_masking-none elementor-widget elementor-widget-image\" data-id=\"4c176ec\" data-element_type=\"widget\" data-e-type=\"widget\" data-widget_type=\"image.default\">\n\t\t\t\t<div class=\"elementor-widget-container\">\n\t\t\t\t\t\t\t\t\t\t\t\t\t\t\t<img decoding=\"async\" src=\"https:\/\/chamclad.com\/wp-content\/uploads\/elementor\/thumbs\/Literature-scaled-qckg74ao2qe7te1tdn3cg71hyk9wbj0zr3lfi7d24c.jpg\" title=\"businessman in a business suit reads a magazine near the window with a plant\" alt=\"businessman in a business suit reads a magazine near the window with a plant.\" loading=\"lazy\" \/>\t\t\t\t\t\t\t\t\t\t\t\t\t\t\t<\/div>\n\t\t\t\t<\/div>\n\t\t\t\t\t<\/div>\n\t\t<\/div>\n\t\t\t\t<div class=\"elementor-column elementor-col-50 elementor-top-column elementor-element elementor-element-c81089c\" data-id=\"c81089c\" data-element_type=\"column\" data-e-type=\"column\">\n\t\t\t<div class=\"elementor-widget-wrap elementor-element-populated\">\n\t\t\t\t\t\t<div class=\"elementor-element elementor-element-cae64a9 elementor-widget elementor-widget-heading\" data-id=\"cae64a9\" data-element_type=\"widget\" data-e-type=\"widget\" data-widget_type=\"heading.default\">\n\t\t\t\t<div class=\"elementor-widget-container\">\n\t\t\t\t\t<h3 class=\"elementor-heading-title elementor-size-default\">Folletos<\/h3>\t\t\t\t<\/div>\n\t\t\t\t<\/div>\n\t\t\t\t<section class=\"elementor-section elementor-inner-section elementor-element elementor-element-08deeb5 elementor-section-boxed elementor-section-height-default elementor-section-height-default\" data-id=\"08deeb5\" data-element_type=\"section\" data-e-type=\"section\">\n\t\t\t\t\t\t<div class=\"elementor-container elementor-column-gap-default\">\n\t\t\t\t\t<div class=\"elementor-column elementor-col-50 elementor-inner-column elementor-element elementor-element-7f2e9e3\" data-id=\"7f2e9e3\" data-element_type=\"column\" data-e-type=\"column\">\n\t\t\t<div class=\"elementor-widget-wrap elementor-element-populated\">\n\t\t\t\t\t\t<div data-dce-background-color=\"#FFFFFF00\" class=\"elementor-element elementor-element-8da20bf elementor-align-justify elementor-widget elementor-widget-button\" data-id=\"8da20bf\" data-element_type=\"widget\" data-e-type=\"widget\" data-widget_type=\"button.default\">\n\t\t\t\t<div class=\"elementor-widget-container\">\n\t\t\t\t\t\t\t\t\t<div class=\"elementor-button-wrapper\">\n\t\t\t\t\t<a class=\"elementor-button elementor-button-link elementor-size-md\" href=\"\/wp-content\/uploads\/2023\/04\/C.C-Gentek-Folleto-Espanol.pdf\" target=\"_blank\">\n\t\t\t\t\t\t<span class=\"elementor-button-content-wrapper\">\n\t\t\t\t\t\t\t\t\t<span class=\"elementor-button-text\">Canad\u00e1<\/span>\n\t\t\t\t\t<\/span>\n\t\t\t\t\t<\/a>\n\t\t\t\t<\/div>\n\t\t\t\t\t\t\t\t<\/div>\n\t\t\t\t<\/div>\n\t\t\t\t\t<\/div>\n\t\t<\/div>\n\t\t\t\t<div class=\"elementor-column elementor-col-50 elementor-inner-column elementor-element elementor-element-844ef4e\" data-id=\"844ef4e\" data-element_type=\"column\" data-e-type=\"column\">\n\t\t\t<div class=\"elementor-widget-wrap elementor-element-populated\">\n\t\t\t\t\t\t<div data-dce-background-color=\"#FFFFFF00\" class=\"elementor-element elementor-element-f7558bf elementor-align-center elementor-widget elementor-widget-button\" data-id=\"f7558bf\" data-element_type=\"widget\" data-e-type=\"widget\" data-widget_type=\"button.default\">\n\t\t\t\t<div class=\"elementor-widget-container\">\n\t\t\t\t\t\t\t\t\t<div class=\"elementor-button-wrapper\">\n\t\t\t\t\t<a class=\"elementor-button elementor-button-link elementor-size-md\" href=\"\/wp-content\/uploads\/2023\/04\/C.C-USA-Folleto-Espanol.pdf\" target=\"_blank\">\n\t\t\t\t\t\t<span class=\"elementor-button-content-wrapper\">\n\t\t\t\t\t\t\t\t\t<span class=\"elementor-button-text\">estados unidos<\/span>\n\t\t\t\t\t<\/span>\n\t\t\t\t\t<\/a>\n\t\t\t\t<\/div>\n\t\t\t\t\t\t\t\t<\/div>\n\t\t\t\t<\/div>\n\t\t\t\t\t<\/div>\n\t\t<\/div>\n\t\t\t\t\t<\/div>\n\t\t<\/section>\n\t\t\t\t<section class=\"elementor-section elementor-inner-section elementor-element elementor-element-4a4b481 elementor-section-boxed elementor-section-height-default elementor-section-height-default\" data-id=\"4a4b481\" data-element_type=\"section\" data-e-type=\"section\">\n\t\t\t\t\t\t<div class=\"elementor-container elementor-column-gap-default\">\n\t\t\t\t\t<div class=\"elementor-column elementor-col-50 elementor-inner-column elementor-element elementor-element-a5c2d8b\" data-id=\"a5c2d8b\" data-element_type=\"column\" data-e-type=\"column\">\n\t\t\t<div class=\"elementor-widget-wrap elementor-element-populated\">\n\t\t\t\t\t\t<div data-dce-background-color=\"#FFFFFF00\" class=\"elementor-element elementor-element-2ba9638 elementor-align-justify elementor-widget elementor-widget-button\" data-id=\"2ba9638\" data-element_type=\"widget\" data-e-type=\"widget\" data-widget_type=\"button.default\">\n\t\t\t\t<div class=\"elementor-widget-container\">\n\t\t\t\t\t\t\t\t\t<div class=\"elementor-button-wrapper\">\n\t\t\t\t\t<a class=\"elementor-button elementor-button-link elementor-size-md\" href=\"\/wp-content\/uploads\/2023\/04\/ChamClad-Canadian-Fran\u00e7ais-Folleto-2.pdf\" target=\"_blank\">\n\t\t\t\t\t\t<span class=\"elementor-button-content-wrapper\">\n\t\t\t\t\t\t\t\t\t<span class=\"elementor-button-text\">Franc\u00e9s<\/span>\n\t\t\t\t\t<\/span>\n\t\t\t\t\t<\/a>\n\t\t\t\t<\/div>\n\t\t\t\t\t\t\t\t<\/div>\n\t\t\t\t<\/div>\n\t\t\t\t\t<\/div>\n\t\t<\/div>\n\t\t\t\t<div class=\"elementor-column elementor-col-50 elementor-inner-column elementor-element elementor-element-d063ccb\" data-id=\"d063ccb\" data-element_type=\"column\" data-e-type=\"column\">\n\t\t\t<div class=\"elementor-widget-wrap elementor-element-populated\">\n\t\t\t\t\t\t<div data-dce-background-color=\"#FFFFFF00\" class=\"elementor-element elementor-element-db23664 elementor-align-justify elementor-widget elementor-widget-button\" data-id=\"db23664\" data-element_type=\"widget\" data-e-type=\"widget\" data-widget_type=\"button.default\">\n\t\t\t\t<div class=\"elementor-widget-container\">\n\t\t\t\t\t\t\t\t\t<div class=\"elementor-button-wrapper\">\n\t\t\t\t\t<a class=\"elementor-button elementor-button-link elementor-size-md\" href=\"\/wp-content\/uploads\/2023\/04\/Folleto%20EE.UU.-Espa\u00f1ol.pdf\" target=\"_blank\">\n\t\t\t\t\t\t<span class=\"elementor-button-content-wrapper\">\n\t\t\t\t\t\t\t\t\t<span class=\"elementor-button-text\">Espa\u00f1ol<\/span>\n\t\t\t\t\t<\/span>\n\t\t\t\t\t<\/a>\n\t\t\t\t<\/div>\n\t\t\t\t\t\t\t\t<\/div>\n\t\t\t\t<\/div>\n\t\t\t\t\t<\/div>\n\t\t<\/div>\n\t\t\t\t\t<\/div>\n\t\t<\/section>\n\t\t\t\t\t<\/div>\n\t\t<\/div>\n\t\t\t\t\t<\/div>\n\t\t<\/section>\n\t\t\t\t<section class=\"elementor-section elementor-top-section elementor-element elementor-element-a55bd28 elementor-reverse-tablet elementor-reverse-mobile elementor-section-boxed elementor-section-height-default elementor-section-height-default\" data-id=\"a55bd28\" data-element_type=\"section\" data-e-type=\"section\" id=\"green-doc\" data-settings=\"{&quot;background_background&quot;:&quot;classic&quot;}\">\n\t\t\t\t\t\t<div class=\"elementor-container elementor-column-gap-wide\">\n\t\t\t\t\t<div class=\"elementor-column elementor-col-50 elementor-top-column elementor-element elementor-element-7f56c0c\" data-id=\"7f56c0c\" data-element_type=\"column\" data-e-type=\"column\">\n\t\t\t<div class=\"elementor-widget-wrap elementor-element-populated\">\n\t\t\t\t\t\t<div class=\"elementor-element elementor-element-e6a0a06 elementor-widget elementor-widget-heading\" data-id=\"e6a0a06\" data-element_type=\"widget\" data-e-type=\"widget\" data-widget_type=\"heading.default\">\n\t\t\t\t<div class=\"elementor-widget-container\">\n\t\t\t\t\t<h3 class=\"elementor-heading-title elementor-size-default\">Documento verde<\/h3>\t\t\t\t<\/div>\n\t\t\t\t<\/div>\n\t\t\t\t<section class=\"elementor-section elementor-inner-section elementor-element elementor-element-b9f2146 elementor-section-boxed elementor-section-height-default elementor-section-height-default\" data-id=\"b9f2146\" data-element_type=\"section\" data-e-type=\"section\">\n\t\t\t\t\t\t<div class=\"elementor-container elementor-column-gap-default\">\n\t\t\t\t\t<div class=\"elementor-column elementor-col-100 elementor-inner-column elementor-element elementor-element-561fc10\" data-id=\"561fc10\" data-element_type=\"column\" data-e-type=\"column\">\n\t\t\t<div class=\"elementor-widget-wrap elementor-element-populated\">\n\t\t\t\t\t\t<div data-dce-background-color=\"#FFFFFF00\" class=\"elementor-element elementor-element-834cb4d elementor-widget elementor-widget-button\" data-id=\"834cb4d\" data-element_type=\"widget\" data-e-type=\"widget\" data-widget_type=\"button.default\">\n\t\t\t\t<div class=\"elementor-widget-container\">\n\t\t\t\t\t\t\t\t\t<div class=\"elementor-button-wrapper\">\n\t\t\t\t\t<a class=\"elementor-button elementor-button-link elementor-size-md\" href=\"\/wp-content\/uploads\/2023\/03\/ChamClad-Green-and-LEED-Document.pdf\" target=\"_blank\">\n\t\t\t\t\t\t<span class=\"elementor-button-content-wrapper\">\n\t\t\t\t\t\t\t\t\t<span class=\"elementor-button-text\">Descargar<\/span>\n\t\t\t\t\t<\/span>\n\t\t\t\t\t<\/a>\n\t\t\t\t<\/div>\n\t\t\t\t\t\t\t\t<\/div>\n\t\t\t\t<\/div>\n\t\t\t\t\t<\/div>\n\t\t<\/div>\n\t\t\t\t\t<\/div>\n\t\t<\/section>\n\t\t\t\t\t<\/div>\n\t\t<\/div>\n\t\t\t\t<div class=\"elementor-column elementor-col-50 elementor-top-column elementor-element elementor-element-b01b638\" data-id=\"b01b638\" data-element_type=\"column\" data-e-type=\"column\">\n\t\t\t<div class=\"elementor-widget-wrap elementor-element-populated\">\n\t\t\t\t\t\t<div class=\"elementor-element elementor-element-ad45ef7 dce_masking-none elementor-widget elementor-widget-image\" data-id=\"ad45ef7\" data-element_type=\"widget\" data-e-type=\"widget\" data-widget_type=\"image.default\">\n\t\t\t\t<div class=\"elementor-widget-container\">\n\t\t\t\t\t\t\t\t\t\t\t\t\t\t\t<img decoding=\"async\" src=\"https:\/\/chamclad.com\/wp-content\/uploads\/elementor\/thumbs\/GREEN-image-scaled-qckg74ao2qe7te1tdn3cg71hyk9wbj0zr3lfi7d24c.jpg\" title=\"Electric car and EV electrical energy for environment, EV car on forest road with earth planet going through forest, Ecosystem ecology healthy environment, Electric car with nature, Save earth energy.\" alt=\"Electric car and EV electrical energy for environment, EV car on forest road with earth planet going through forest, Ecosystem ecology healthy environment, Electric car with nature, Save earth energy.\" loading=\"lazy\" \/>\t\t\t\t\t\t\t\t\t\t\t\t\t\t\t<\/div>\n\t\t\t\t<\/div>\n\t\t\t\t\t<\/div>\n\t\t<\/div>\n\t\t\t\t\t<\/div>\n\t\t<\/section>\n\t\t\t\t<\/div>\n\t\t","protected":false},"excerpt":{"rendered":"<p>Literatura Folletos Canad\u00e1 estados unidos Franc\u00e9s Espa\u00f1ol Documento verde Descargar<\/p>\n","protected":false},"author":2,"featured_media":0,"parent":2472,"menu_order":2,"comment_status":"closed","ping_status":"closed","template":"","meta":{"_acf_changed":false,"content-type":"","inline_featured_image":false,"footnotes":""},"class_list":["post-2447","page","type-page","status-publish","hentry"],"acf":[],"yoast_head":"<!-- This site is optimized with the Yoast SEO plugin v27.3 - https:\/\/yoast.com\/product\/yoast-seo-wordpress\/ -->\n<title>Literatura - ChamClad<\/title>\n<meta name=\"robots\" content=\"index, follow, max-snippet:-1, max-image-preview:large, max-video-preview:-1\" \/>\n<link rel=\"canonical\" href=\"https:\/\/chamclad.com\/es\/recursos\/literatura\/\" \/>\n<meta property=\"og:locale\" content=\"es_ES\" \/>\n<meta property=\"og:type\" content=\"article\" \/>\n<meta property=\"og:title\" content=\"Literatura - ChamClad\" \/>\n<meta property=\"og:description\" content=\"Literatura Folletos Canad\u00e1 estados unidos Franc\u00e9s Espa\u00f1ol Documento verde Descargar\" \/>\n<meta property=\"og:url\" content=\"https:\/\/chamclad.com\/es\/recursos\/literatura\/\" \/>\n<meta property=\"og:site_name\" content=\"ChamClad\" \/>\n<meta property=\"article:modified_time\" content=\"2023-06-19T19:58:37+00:00\" \/>\n<meta property=\"og:image\" content=\"https:\/\/chamclad.com\/wp-content\/uploads\/elementor\/thumbs\/Literature-scaled-q6zucbq2q22o6pdgnf3qnggs0036t6h7vy2o4adfr0.jpg\" \/>\n<meta name=\"twitter:card\" content=\"summary_large_image\" \/>\n<script type=\"application\/ld+json\" class=\"yoast-schema-graph\">{\"@context\":\"https:\\\/\\\/schema.org\",\"@graph\":[{\"@type\":\"WebPage\",\"@id\":\"https:\\\/\\\/chamclad.com\\\/es\\\/recursos\\\/literatura\\\/\",\"url\":\"https:\\\/\\\/chamclad.com\\\/es\\\/recursos\\\/literatura\\\/\",\"name\":\"Literatura - ChamClad\",\"isPartOf\":{\"@id\":\"https:\\\/\\\/chamclad.com\\\/#website\"},\"primaryImageOfPage\":{\"@id\":\"https:\\\/\\\/chamclad.com\\\/es\\\/recursos\\\/literatura\\\/#primaryimage\"},\"image\":{\"@id\":\"https:\\\/\\\/chamclad.com\\\/es\\\/recursos\\\/literatura\\\/#primaryimage\"},\"thumbnailUrl\":\"https:\\\/\\\/chamclad.com\\\/wp-content\\\/uploads\\\/elementor\\\/thumbs\\\/Literature-scaled-q6zucbq2q22o6pdgnf3qnggs0036t6h7vy2o4adfr0.jpg\",\"datePublished\":\"2023-01-24T22:46:26+00:00\",\"dateModified\":\"2023-06-19T19:58:37+00:00\",\"breadcrumb\":{\"@id\":\"https:\\\/\\\/chamclad.com\\\/es\\\/recursos\\\/literatura\\\/#breadcrumb\"},\"inLanguage\":\"es\",\"potentialAction\":[{\"@type\":\"ReadAction\",\"target\":[\"https:\\\/\\\/chamclad.com\\\/es\\\/recursos\\\/literatura\\\/\"]}]},{\"@type\":\"ImageObject\",\"inLanguage\":\"es\",\"@id\":\"https:\\\/\\\/chamclad.com\\\/es\\\/recursos\\\/literatura\\\/#primaryimage\",\"url\":\"https:\\\/\\\/chamclad.com\\\/wp-content\\\/uploads\\\/elementor\\\/thumbs\\\/Literature-scaled-q6zucbq2q22o6pdgnf3qnggs0036t6h7vy2o4adfr0.jpg\",\"contentUrl\":\"https:\\\/\\\/chamclad.com\\\/wp-content\\\/uploads\\\/elementor\\\/thumbs\\\/Literature-scaled-q6zucbq2q22o6pdgnf3qnggs0036t6h7vy2o4adfr0.jpg\"},{\"@type\":\"BreadcrumbList\",\"@id\":\"https:\\\/\\\/chamclad.com\\\/es\\\/recursos\\\/literatura\\\/#breadcrumb\",\"itemListElement\":[{\"@type\":\"ListItem\",\"position\":1,\"name\":\"Home\",\"item\":\"https:\\\/\\\/chamclad.com\\\/es\\\/\"},{\"@type\":\"ListItem\",\"position\":2,\"name\":\"Recursos\",\"item\":\"https:\\\/\\\/chamclad.com\\\/es\\\/recursos\\\/\"},{\"@type\":\"ListItem\",\"position\":3,\"name\":\"Literatura\"}]},{\"@type\":\"WebSite\",\"@id\":\"https:\\\/\\\/chamclad.com\\\/#website\",\"url\":\"https:\\\/\\\/chamclad.com\\\/\",\"name\":\"ChamClad\",\"description\":\"Transforming Spaces\",\"publisher\":{\"@id\":\"https:\\\/\\\/chamclad.com\\\/#organization\"},\"potentialAction\":[{\"@type\":\"SearchAction\",\"target\":{\"@type\":\"EntryPoint\",\"urlTemplate\":\"https:\\\/\\\/chamclad.com\\\/?s={search_term_string}\"},\"query-input\":{\"@type\":\"PropertyValueSpecification\",\"valueRequired\":true,\"valueName\":\"search_term_string\"}}],\"inLanguage\":\"es\"},{\"@type\":\"Organization\",\"@id\":\"https:\\\/\\\/chamclad.com\\\/#organization\",\"name\":\"ChamClad\",\"url\":\"https:\\\/\\\/chamclad.com\\\/\",\"logo\":{\"@type\":\"ImageObject\",\"inLanguage\":\"es\",\"@id\":\"https:\\\/\\\/chamclad.com\\\/#\\\/schema\\\/logo\\\/image\\\/\",\"url\":\"https:\\\/\\\/chamclad.com\\\/wp-content\\\/uploads\\\/2025\\\/03\\\/chamclad_logo_h_reverse.png\",\"contentUrl\":\"https:\\\/\\\/chamclad.com\\\/wp-content\\\/uploads\\\/2025\\\/03\\\/chamclad_logo_h_reverse.png\",\"width\":2592,\"height\":864,\"caption\":\"ChamClad\"},\"image\":{\"@id\":\"https:\\\/\\\/chamclad.com\\\/#\\\/schema\\\/logo\\\/image\\\/\"}}]}<\/script>\n<!-- \/ Yoast SEO plugin. -->","yoast_head_json":{"title":"Literatura - ChamClad","robots":{"index":"index","follow":"follow","max-snippet":"max-snippet:-1","max-image-preview":"max-image-preview:large","max-video-preview":"max-video-preview:-1"},"canonical":"https:\/\/chamclad.com\/es\/recursos\/literatura\/","og_locale":"es_ES","og_type":"article","og_title":"Literatura - ChamClad","og_description":"Literatura Folletos Canad\u00e1 estados unidos Franc\u00e9s Espa\u00f1ol Documento verde Descargar","og_url":"https:\/\/chamclad.com\/es\/recursos\/literatura\/","og_site_name":"ChamClad","article_modified_time":"2023-06-19T19:58:37+00:00","og_image":[{"url":"https:\/\/chamclad.com\/wp-content\/uploads\/elementor\/thumbs\/Literature-scaled-q6zucbq2q22o6pdgnf3qnggs0036t6h7vy2o4adfr0.jpg","type":"","width":"","height":""}],"twitter_card":"summary_large_image","schema":{"@context":"https:\/\/schema.org","@graph":[{"@type":"WebPage","@id":"https:\/\/chamclad.com\/es\/recursos\/literatura\/","url":"https:\/\/chamclad.com\/es\/recursos\/literatura\/","name":"Literatura - ChamClad","isPartOf":{"@id":"https:\/\/chamclad.com\/#website"},"primaryImageOfPage":{"@id":"https:\/\/chamclad.com\/es\/recursos\/literatura\/#primaryimage"},"image":{"@id":"https:\/\/chamclad.com\/es\/recursos\/literatura\/#primaryimage"},"thumbnailUrl":"https:\/\/chamclad.com\/wp-content\/uploads\/elementor\/thumbs\/Literature-scaled-q6zucbq2q22o6pdgnf3qnggs0036t6h7vy2o4adfr0.jpg","datePublished":"2023-01-24T22:46:26+00:00","dateModified":"2023-06-19T19:58:37+00:00","breadcrumb":{"@id":"https:\/\/chamclad.com\/es\/recursos\/literatura\/#breadcrumb"},"inLanguage":"es","potentialAction":[{"@type":"ReadAction","target":["https:\/\/chamclad.com\/es\/recursos\/literatura\/"]}]},{"@type":"ImageObject","inLanguage":"es","@id":"https:\/\/chamclad.com\/es\/recursos\/literatura\/#primaryimage","url":"https:\/\/chamclad.com\/wp-content\/uploads\/elementor\/thumbs\/Literature-scaled-q6zucbq2q22o6pdgnf3qnggs0036t6h7vy2o4adfr0.jpg","contentUrl":"https:\/\/chamclad.com\/wp-content\/uploads\/elementor\/thumbs\/Literature-scaled-q6zucbq2q22o6pdgnf3qnggs0036t6h7vy2o4adfr0.jpg"},{"@type":"BreadcrumbList","@id":"https:\/\/chamclad.com\/es\/recursos\/literatura\/#breadcrumb","itemListElement":[{"@type":"ListItem","position":1,"name":"Home","item":"https:\/\/chamclad.com\/es\/"},{"@type":"ListItem","position":2,"name":"Recursos","item":"https:\/\/chamclad.com\/es\/recursos\/"},{"@type":"ListItem","position":3,"name":"Literatura"}]},{"@type":"WebSite","@id":"https:\/\/chamclad.com\/#website","url":"https:\/\/chamclad.com\/","name":"ChamClad","description":"Transforming Spaces","publisher":{"@id":"https:\/\/chamclad.com\/#organization"},"potentialAction":[{"@type":"SearchAction","target":{"@type":"EntryPoint","urlTemplate":"https:\/\/chamclad.com\/?s={search_term_string}"},"query-input":{"@type":"PropertyValueSpecification","valueRequired":true,"valueName":"search_term_string"}}],"inLanguage":"es"},{"@type":"Organization","@id":"https:\/\/chamclad.com\/#organization","name":"ChamClad","url":"https:\/\/chamclad.com\/","logo":{"@type":"ImageObject","inLanguage":"es","@id":"https:\/\/chamclad.com\/#\/schema\/logo\/image\/","url":"https:\/\/chamclad.com\/wp-content\/uploads\/2025\/03\/chamclad_logo_h_reverse.png","contentUrl":"https:\/\/chamclad.com\/wp-content\/uploads\/2025\/03\/chamclad_logo_h_reverse.png","width":2592,"height":864,"caption":"ChamClad"},"image":{"@id":"https:\/\/chamclad.com\/#\/schema\/logo\/image\/"}}]}},"_links":{"self":[{"href":"https:\/\/chamclad.com\/es\/wp-json\/wp\/v2\/pages\/2447","targetHints":{"allow":["GET"]}}],"collection":[{"href":"https:\/\/chamclad.com\/es\/wp-json\/wp\/v2\/pages"}],"about":[{"href":"https:\/\/chamclad.com\/es\/wp-json\/wp\/v2\/types\/page"}],"author":[{"embeddable":true,"href":"https:\/\/chamclad.com\/es\/wp-json\/wp\/v2\/users\/2"}],"replies":[{"embeddable":true,"href":"https:\/\/chamclad.com\/es\/wp-json\/wp\/v2\/comments?post=2447"}],"version-history":[{"count":0,"href":"https:\/\/chamclad.com\/es\/wp-json\/wp\/v2\/pages\/2447\/revisions"}],"up":[{"embeddable":true,"href":"https:\/\/chamclad.com\/es\/wp-json\/wp\/v2\/pages\/2472"}],"wp:attachment":[{"href":"https:\/\/chamclad.com\/es\/wp-json\/wp\/v2\/media?parent=2447"}],"curies":[{"name":"wp","href":"https:\/\/api.w.org\/{rel}","templated":true}]}}