{"id":7461,"date":"2024-08-13T21:29:03","date_gmt":"2024-08-13T21:29:03","guid":{"rendered":"https:\/\/chamclad.com\/recursos\/formacion-diaria-aec\/"},"modified":"2025-02-24T17:21:22","modified_gmt":"2025-02-24T17:21:22","slug":"formacion-diaria-aec","status":"publish","type":"page","link":"https:\/\/chamclad.com\/es\/recursos\/formacion-diaria-aec\/","title":{"rendered":"Formaci\u00f3n diaria AEC"},"content":{"rendered":"\t\t<div data-elementor-type=\"wp-page\" data-elementor-id=\"7461\" class=\"elementor elementor-7461 elementor-5957\" data-elementor-post-type=\"page\">\n\t\t\t\t<div data-dce-background-image-url=\"https:\/\/chamclad.com\/wp-content\/uploads\/2024\/05\/6in-shadowline-panel-3-in-reveal.jpg17.jpg\" class=\"elementor-element elementor-element-354ec60 e-con-full e-flex e-con e-parent\" data-id=\"354ec60\" data-element_type=\"container\" data-e-type=\"container\" data-settings=\"{&quot;background_background&quot;:&quot;classic&quot;}\">\n\t\t\t\t<\/div>\n\t\t<div class=\"elementor-element elementor-element-3e99dc7 e-flex e-con-boxed e-con e-parent\" data-id=\"3e99dc7\" data-element_type=\"container\" data-e-type=\"container\">\n\t\t\t\t\t<div class=\"e-con-inner\">\n\t\t\t\t<div class=\"elementor-element elementor-element-e91f9f3 dce_masking-none elementor-widget elementor-widget-image\" data-id=\"e91f9f3\" data-element_type=\"widget\" data-e-type=\"widget\" data-widget_type=\"image.default\">\n\t\t\t\t<div class=\"elementor-widget-container\">\n\t\t\t\t\t\t\t\t\t\t\t\t\t\t\t<img decoding=\"async\" width=\"200\" height=\"100\" src=\"https:\/\/chamclad.com\/wp-content\/uploads\/2024\/03\/Untitled-1-qckg8ubwcaz201ncj4763dln5gl7uin2sv3jmlltk8-1.png\" class=\"attachment-large size-large wp-image-4996\" alt=\"\" \/>\t\t\t\t\t\t\t\t\t\t\t\t\t\t\t<\/div>\n\t\t\t\t<\/div>\n\t\t\t\t<div class=\"elementor-element elementor-element-86ccd3b elementor-widget elementor-widget-heading\" data-id=\"86ccd3b\" data-element_type=\"widget\" data-e-type=\"widget\" data-widget_type=\"heading.default\">\n\t\t\t\t<div class=\"elementor-widget-container\">\n\t\t\t\t\t<h1 class=\"elementor-heading-title elementor-size-default\">ENTRENAMIENTO DIARIO AEC<\/h1>\t\t\t\t<\/div>\n\t\t\t\t<\/div>\n\t\t\t\t<div class=\"elementor-element elementor-element-827a52c elementor-widget elementor-widget-text-editor\" data-id=\"827a52c\" data-element_type=\"widget\" data-e-type=\"widget\" data-widget_type=\"text-editor.default\">\n\t\t\t\t<div class=\"elementor-widget-container\">\n\t\t\t\t\t\t\t\t\t<p>Descubre el reino del PVC r\u00edgido reciclado de ingenier\u00eda, un material preferido en la construcci\u00f3n para aplicaciones interiores y exteriores por su durabilidad, facilidad de instalaci\u00f3n, propiedades de bajo mantenimiento, rentabilidad y versatilidad. Esta oferta educativa profundiza en las propiedades reciclables y la sostenibilidad de ChamClad, arrojando luz sobre las caracter\u00edsticas de los paneles de pared, revestimientos y productos de sofito de PVC r\u00edgido laminado, adaptados tanto para uso interior como exterior. <\/p>\n\t\t\t\t\t\t\t\t<\/div>\n\t\t\t\t<\/div>\n\t\t\t\t<div class=\"elementor-element elementor-element-21f780a elementor-widget elementor-widget-button\" data-id=\"21f780a\" data-element_type=\"widget\" data-e-type=\"widget\" data-widget_type=\"button.default\">\n\t\t\t\t<div class=\"elementor-widget-container\">\n\t\t\t\t\t\t\t\t\t<div class=\"elementor-button-wrapper\">\n\t\t\t\t\t<a class=\"elementor-button elementor-button-link elementor-size-sm\" href=\"https:\/\/www.aecdaily.com\/s\/chamclad\/education\" target=\"_blank\">\n\t\t\t\t\t\t<span class=\"elementor-button-content-wrapper\">\n\t\t\t\t\t\t\t\t\t<span class=\"elementor-button-text\">SABER M\u00c1S<\/span>\n\t\t\t\t\t<\/span>\n\t\t\t\t\t<\/a>\n\t\t\t\t<\/div>\n\t\t\t\t\t\t\t\t<\/div>\n\t\t\t\t<\/div>\n\t\t\t\t\t<\/div>\n\t\t\t\t<\/div>\n\t\t\t\t<\/div>\n\t\t","protected":false},"excerpt":{"rendered":"<p>ENTRENAMIENTO DIARIO AEC Descubre el reino del PVC r\u00edgido reciclado de ingenier\u00eda, un material preferido en la construcci\u00f3n para aplicaciones interiores y exteriores por su durabilidad, facilidad de instalaci\u00f3n, propiedades de bajo mantenimiento, rentabilidad y versatilidad. Esta oferta educativa profundiza en las propiedades reciclables y la sostenibilidad de ChamClad, arrojando luz sobre las caracter\u00edsticas de [&hellip;]<\/p>\n","protected":false},"author":4,"featured_media":0,"parent":2472,"menu_order":0,"comment_status":"closed","ping_status":"closed","template":"","meta":{"_acf_changed":false,"content-type":"","inline_featured_image":false,"footnotes":""},"class_list":["post-7461","page","type-page","status-publish","hentry"],"acf":[],"yoast_head":"<!-- This site is optimized with the Yoast SEO plugin v27.4 - https:\/\/yoast.com\/product\/yoast-seo-wordpress\/ -->\n<title>Formaci\u00f3n diaria AEC - ChamClad<\/title>\n<meta name=\"robots\" content=\"index, follow, max-snippet:-1, max-image-preview:large, max-video-preview:-1\" \/>\n<link rel=\"canonical\" href=\"https:\/\/chamclad.com\/es\/recursos\/formacion-diaria-aec\/\" \/>\n<meta property=\"og:locale\" content=\"es_ES\" \/>\n<meta property=\"og:type\" content=\"article\" \/>\n<meta property=\"og:title\" content=\"Formaci\u00f3n diaria AEC - ChamClad\" \/>\n<meta property=\"og:description\" content=\"ENTRENAMIENTO DIARIO AEC Descubre el reino del PVC r\u00edgido reciclado de ingenier\u00eda, un material preferido en la construcci\u00f3n para aplicaciones interiores y exteriores por su durabilidad, facilidad de instalaci\u00f3n, propiedades de bajo mantenimiento, rentabilidad y versatilidad. Esta oferta educativa profundiza en las propiedades reciclables y la sostenibilidad de ChamClad, arrojando luz sobre las caracter\u00edsticas de [&hellip;]\" \/>\n<meta property=\"og:url\" content=\"https:\/\/chamclad.com\/es\/recursos\/formacion-diaria-aec\/\" \/>\n<meta property=\"og:site_name\" content=\"ChamClad\" \/>\n<meta property=\"article:modified_time\" content=\"2025-02-24T17:21:22+00:00\" \/>\n<meta property=\"og:image\" content=\"https:\/\/chamclad.com\/wp-content\/uploads\/2024\/03\/Untitled-1-qckg8ubwcaz201ncj4763dln5gl7uin2sv3jmlltk8-1.png\" \/>\n\t<meta property=\"og:image:width\" content=\"200\" \/>\n\t<meta property=\"og:image:height\" content=\"100\" \/>\n\t<meta property=\"og:image:type\" content=\"image\/png\" \/>\n<meta name=\"twitter:card\" content=\"summary_large_image\" \/>\n<script type=\"application\/ld+json\" class=\"yoast-schema-graph\">{\"@context\":\"https:\\\/\\\/schema.org\",\"@graph\":[{\"@type\":\"WebPage\",\"@id\":\"https:\\\/\\\/chamclad.com\\\/es\\\/recursos\\\/formacion-diaria-aec\\\/\",\"url\":\"https:\\\/\\\/chamclad.com\\\/es\\\/recursos\\\/formacion-diaria-aec\\\/\",\"name\":\"Formaci\u00f3n diaria AEC - ChamClad\",\"isPartOf\":{\"@id\":\"https:\\\/\\\/chamclad.com\\\/#website\"},\"primaryImageOfPage\":{\"@id\":\"https:\\\/\\\/chamclad.com\\\/es\\\/recursos\\\/formacion-diaria-aec\\\/#primaryimage\"},\"image\":{\"@id\":\"https:\\\/\\\/chamclad.com\\\/es\\\/recursos\\\/formacion-diaria-aec\\\/#primaryimage\"},\"thumbnailUrl\":\"https:\\\/\\\/chamclad.com\\\/wp-content\\\/uploads\\\/2024\\\/03\\\/Untitled-1-qckg8ubwcaz201ncj4763dln5gl7uin2sv3jmlltk8-1.png\",\"datePublished\":\"2024-08-13T21:29:03+00:00\",\"dateModified\":\"2025-02-24T17:21:22+00:00\",\"breadcrumb\":{\"@id\":\"https:\\\/\\\/chamclad.com\\\/es\\\/recursos\\\/formacion-diaria-aec\\\/#breadcrumb\"},\"inLanguage\":\"es\",\"potentialAction\":[{\"@type\":\"ReadAction\",\"target\":[\"https:\\\/\\\/chamclad.com\\\/es\\\/recursos\\\/formacion-diaria-aec\\\/\"]}]},{\"@type\":\"ImageObject\",\"inLanguage\":\"es\",\"@id\":\"https:\\\/\\\/chamclad.com\\\/es\\\/recursos\\\/formacion-diaria-aec\\\/#primaryimage\",\"url\":\"https:\\\/\\\/chamclad.com\\\/wp-content\\\/uploads\\\/2024\\\/03\\\/Untitled-1-qckg8ubwcaz201ncj4763dln5gl7uin2sv3jmlltk8-1.png\",\"contentUrl\":\"https:\\\/\\\/chamclad.com\\\/wp-content\\\/uploads\\\/2024\\\/03\\\/Untitled-1-qckg8ubwcaz201ncj4763dln5gl7uin2sv3jmlltk8-1.png\"},{\"@type\":\"BreadcrumbList\",\"@id\":\"https:\\\/\\\/chamclad.com\\\/es\\\/recursos\\\/formacion-diaria-aec\\\/#breadcrumb\",\"itemListElement\":[{\"@type\":\"ListItem\",\"position\":1,\"name\":\"Home\",\"item\":\"https:\\\/\\\/chamclad.com\\\/es\\\/\"},{\"@type\":\"ListItem\",\"position\":2,\"name\":\"Recursos\",\"item\":\"https:\\\/\\\/chamclad.com\\\/es\\\/recursos\\\/\"},{\"@type\":\"ListItem\",\"position\":3,\"name\":\"Formaci\u00f3n diaria AEC\"}]},{\"@type\":\"WebSite\",\"@id\":\"https:\\\/\\\/chamclad.com\\\/#website\",\"url\":\"https:\\\/\\\/chamclad.com\\\/\",\"name\":\"ChamClad\",\"description\":\"Transforming Spaces\",\"publisher\":{\"@id\":\"https:\\\/\\\/chamclad.com\\\/#organization\"},\"potentialAction\":[{\"@type\":\"SearchAction\",\"target\":{\"@type\":\"EntryPoint\",\"urlTemplate\":\"https:\\\/\\\/chamclad.com\\\/?s={search_term_string}\"},\"query-input\":{\"@type\":\"PropertyValueSpecification\",\"valueRequired\":true,\"valueName\":\"search_term_string\"}}],\"inLanguage\":\"es\"},{\"@type\":\"Organization\",\"@id\":\"https:\\\/\\\/chamclad.com\\\/#organization\",\"name\":\"ChamClad\",\"url\":\"https:\\\/\\\/chamclad.com\\\/\",\"logo\":{\"@type\":\"ImageObject\",\"inLanguage\":\"es\",\"@id\":\"https:\\\/\\\/chamclad.com\\\/#\\\/schema\\\/logo\\\/image\\\/\",\"url\":\"https:\\\/\\\/chamclad.com\\\/wp-content\\\/uploads\\\/2025\\\/03\\\/chamclad_logo_h_reverse.png\",\"contentUrl\":\"https:\\\/\\\/chamclad.com\\\/wp-content\\\/uploads\\\/2025\\\/03\\\/chamclad_logo_h_reverse.png\",\"width\":2592,\"height\":864,\"caption\":\"ChamClad\"},\"image\":{\"@id\":\"https:\\\/\\\/chamclad.com\\\/#\\\/schema\\\/logo\\\/image\\\/\"}}]}<\/script>\n<!-- \/ Yoast SEO plugin. -->","yoast_head_json":{"title":"Formaci\u00f3n diaria AEC - ChamClad","robots":{"index":"index","follow":"follow","max-snippet":"max-snippet:-1","max-image-preview":"max-image-preview:large","max-video-preview":"max-video-preview:-1"},"canonical":"https:\/\/chamclad.com\/es\/recursos\/formacion-diaria-aec\/","og_locale":"es_ES","og_type":"article","og_title":"Formaci\u00f3n diaria AEC - ChamClad","og_description":"ENTRENAMIENTO DIARIO AEC Descubre el reino del PVC r\u00edgido reciclado de ingenier\u00eda, un material preferido en la construcci\u00f3n para aplicaciones interiores y exteriores por su durabilidad, facilidad de instalaci\u00f3n, propiedades de bajo mantenimiento, rentabilidad y versatilidad. Esta oferta educativa profundiza en las propiedades reciclables y la sostenibilidad de ChamClad, arrojando luz sobre las caracter\u00edsticas de [&hellip;]","og_url":"https:\/\/chamclad.com\/es\/recursos\/formacion-diaria-aec\/","og_site_name":"ChamClad","article_modified_time":"2025-02-24T17:21:22+00:00","og_image":[{"width":200,"height":100,"url":"https:\/\/chamclad.com\/wp-content\/uploads\/2024\/03\/Untitled-1-qckg8ubwcaz201ncj4763dln5gl7uin2sv3jmlltk8-1.png","type":"image\/png"}],"twitter_card":"summary_large_image","schema":{"@context":"https:\/\/schema.org","@graph":[{"@type":"WebPage","@id":"https:\/\/chamclad.com\/es\/recursos\/formacion-diaria-aec\/","url":"https:\/\/chamclad.com\/es\/recursos\/formacion-diaria-aec\/","name":"Formaci\u00f3n diaria AEC - ChamClad","isPartOf":{"@id":"https:\/\/chamclad.com\/#website"},"primaryImageOfPage":{"@id":"https:\/\/chamclad.com\/es\/recursos\/formacion-diaria-aec\/#primaryimage"},"image":{"@id":"https:\/\/chamclad.com\/es\/recursos\/formacion-diaria-aec\/#primaryimage"},"thumbnailUrl":"https:\/\/chamclad.com\/wp-content\/uploads\/2024\/03\/Untitled-1-qckg8ubwcaz201ncj4763dln5gl7uin2sv3jmlltk8-1.png","datePublished":"2024-08-13T21:29:03+00:00","dateModified":"2025-02-24T17:21:22+00:00","breadcrumb":{"@id":"https:\/\/chamclad.com\/es\/recursos\/formacion-diaria-aec\/#breadcrumb"},"inLanguage":"es","potentialAction":[{"@type":"ReadAction","target":["https:\/\/chamclad.com\/es\/recursos\/formacion-diaria-aec\/"]}]},{"@type":"ImageObject","inLanguage":"es","@id":"https:\/\/chamclad.com\/es\/recursos\/formacion-diaria-aec\/#primaryimage","url":"https:\/\/chamclad.com\/wp-content\/uploads\/2024\/03\/Untitled-1-qckg8ubwcaz201ncj4763dln5gl7uin2sv3jmlltk8-1.png","contentUrl":"https:\/\/chamclad.com\/wp-content\/uploads\/2024\/03\/Untitled-1-qckg8ubwcaz201ncj4763dln5gl7uin2sv3jmlltk8-1.png"},{"@type":"BreadcrumbList","@id":"https:\/\/chamclad.com\/es\/recursos\/formacion-diaria-aec\/#breadcrumb","itemListElement":[{"@type":"ListItem","position":1,"name":"Home","item":"https:\/\/chamclad.com\/es\/"},{"@type":"ListItem","position":2,"name":"Recursos","item":"https:\/\/chamclad.com\/es\/recursos\/"},{"@type":"ListItem","position":3,"name":"Formaci\u00f3n diaria AEC"}]},{"@type":"WebSite","@id":"https:\/\/chamclad.com\/#website","url":"https:\/\/chamclad.com\/","name":"ChamClad","description":"Transforming Spaces","publisher":{"@id":"https:\/\/chamclad.com\/#organization"},"potentialAction":[{"@type":"SearchAction","target":{"@type":"EntryPoint","urlTemplate":"https:\/\/chamclad.com\/?s={search_term_string}"},"query-input":{"@type":"PropertyValueSpecification","valueRequired":true,"valueName":"search_term_string"}}],"inLanguage":"es"},{"@type":"Organization","@id":"https:\/\/chamclad.com\/#organization","name":"ChamClad","url":"https:\/\/chamclad.com\/","logo":{"@type":"ImageObject","inLanguage":"es","@id":"https:\/\/chamclad.com\/#\/schema\/logo\/image\/","url":"https:\/\/chamclad.com\/wp-content\/uploads\/2025\/03\/chamclad_logo_h_reverse.png","contentUrl":"https:\/\/chamclad.com\/wp-content\/uploads\/2025\/03\/chamclad_logo_h_reverse.png","width":2592,"height":864,"caption":"ChamClad"},"image":{"@id":"https:\/\/chamclad.com\/#\/schema\/logo\/image\/"}}]}},"_links":{"self":[{"href":"https:\/\/chamclad.com\/es\/wp-json\/wp\/v2\/pages\/7461","targetHints":{"allow":["GET"]}}],"collection":[{"href":"https:\/\/chamclad.com\/es\/wp-json\/wp\/v2\/pages"}],"about":[{"href":"https:\/\/chamclad.com\/es\/wp-json\/wp\/v2\/types\/page"}],"author":[{"embeddable":true,"href":"https:\/\/chamclad.com\/es\/wp-json\/wp\/v2\/users\/4"}],"replies":[{"embeddable":true,"href":"https:\/\/chamclad.com\/es\/wp-json\/wp\/v2\/comments?post=7461"}],"version-history":[{"count":0,"href":"https:\/\/chamclad.com\/es\/wp-json\/wp\/v2\/pages\/7461\/revisions"}],"up":[{"embeddable":true,"href":"https:\/\/chamclad.com\/es\/wp-json\/wp\/v2\/pages\/2472"}],"wp:attachment":[{"href":"https:\/\/chamclad.com\/es\/wp-json\/wp\/v2\/media?parent=7461"}],"curies":[{"name":"wp","href":"https:\/\/api.w.org\/{rel}","templated":true}]}}