{"id":7467,"date":"2024-08-13T21:42:15","date_gmt":"2024-08-13T21:42:15","guid":{"rendered":"https:\/\/chamclad.com\/ressources\/caddetails\/"},"modified":"2025-02-24T17:21:27","modified_gmt":"2025-02-24T17:21:27","slug":"caddetails","status":"publish","type":"page","link":"https:\/\/chamclad.com\/fr\/ressources\/caddetails\/","title":{"rendered":"CADdetails"},"content":{"rendered":"\t\t<div data-elementor-type=\"wp-page\" data-elementor-id=\"7467\" class=\"elementor elementor-7467 elementor-5959\" data-elementor-post-type=\"page\">\n\t\t\t\t<div data-dce-background-image-url=\"https:\/\/chamclad.com\/wp-content\/uploads\/2023\/01\/DSC_6497-scaled.jpg\" class=\"elementor-element elementor-element-354ec60 e-con-full e-flex e-con e-parent\" data-id=\"354ec60\" data-element_type=\"container\" data-e-type=\"container\" data-settings=\"{&quot;background_background&quot;:&quot;classic&quot;}\">\n\t\t\t\t<\/div>\n\t\t<div class=\"elementor-element elementor-element-3e99dc7 e-flex e-con-boxed e-con e-parent\" data-id=\"3e99dc7\" data-element_type=\"container\" data-e-type=\"container\">\n\t\t\t\t\t<div class=\"e-con-inner\">\n\t\t\t\t<div class=\"elementor-element elementor-element-e91f9f3 dce_masking-none elementor-widget elementor-widget-image\" data-id=\"e91f9f3\" data-element_type=\"widget\" data-e-type=\"widget\" data-widget_type=\"image.default\">\n\t\t\t\t<div class=\"elementor-widget-container\">\n\t\t\t\t\t\t\t\t\t\t\t\t\t\t\t<img fetchpriority=\"high\" decoding=\"async\" width=\"451\" height=\"112\" src=\"https:\/\/chamclad.com\/wp-content\/uploads\/2024\/08\/Untitled-design-37.png\" class=\"attachment-large size-large wp-image-5964\" alt=\"\" srcset=\"https:\/\/chamclad.com\/wp-content\/uploads\/2024\/08\/Untitled-design-37.png 451w, https:\/\/chamclad.com\/wp-content\/uploads\/2024\/08\/Untitled-design-37-300x75.png 300w\" sizes=\"(max-width: 451px) 100vw, 451px\" \/>\t\t\t\t\t\t\t\t\t\t\t\t\t\t\t<\/div>\n\t\t\t\t<\/div>\n\t\t\t\t<div class=\"elementor-element elementor-element-827a52c elementor-widget elementor-widget-text-editor\" data-id=\"827a52c\" data-element_type=\"widget\" data-e-type=\"widget\" data-widget_type=\"text-editor.default\">\n\t\t\t\t<div class=\"elementor-widget-container\">\n\t\t\t\t\t\t\t\t\t<\/p>\n<p><em>CADdetails est le principal fournisseur d&rsquo;informations sur les produits de construction sp\u00e9cifiques aux fabricants. Le site met en relation les professionnels de la construction en Am\u00e9rique du Nord avec des dessins CAO, des mod\u00e8les 3D, des fichiers BIM, des sp\u00e9cifications, des images et des documents connexes de haute qualit\u00e9 provenant de fabricants r\u00e9put\u00e9s sur tout le continent. Ils veillent \u00e0 ce que tous les contenus qu&rsquo;ils h\u00e9bergent respectent ou d\u00e9passent les normes industrielles les plus strictes, qu&rsquo;ils soient actuels, exacts et qu&rsquo;ils fonctionnent dans des formats multiples.<\/em><\/p>\n\t\t\t\t\t\t\t\t<\/div>\n\t\t\t\t<\/div>\n\t\t\t\t<div class=\"elementor-element elementor-element-21f780a elementor-widget elementor-widget-button\" data-id=\"21f780a\" data-element_type=\"widget\" data-e-type=\"widget\" data-widget_type=\"button.default\">\n\t\t\t\t<div class=\"elementor-widget-container\">\n\t\t\t\t\t\t\t\t\t<div class=\"elementor-button-wrapper\">\n\t\t\t\t\t<a class=\"elementor-button elementor-button-link elementor-size-sm\" href=\"https:\/\/chamclad.caddetails.com\/products\" target=\"_blank\">\n\t\t\t\t\t\t<span class=\"elementor-button-content-wrapper\">\n\t\t\t\t\t\t\t\t\t<span class=\"elementor-button-text\">EN SAVOIR PLUS<\/span>\n\t\t\t\t\t<\/span>\n\t\t\t\t\t<\/a>\n\t\t\t\t<\/div>\n\t\t\t\t\t\t\t\t<\/div>\n\t\t\t\t<\/div>\n\t\t\t\t\t<\/div>\n\t\t\t\t<\/div>\n\t\t\t\t<\/div>\n\t\t","protected":false},"excerpt":{"rendered":"<p>CADdetails est le principal fournisseur d&rsquo;informations sur les produits de construction sp\u00e9cifiques aux fabricants. Le site met en relation les professionnels de la construction en Am\u00e9rique du Nord avec des dessins CAO, des mod\u00e8les 3D, des fichiers BIM, des sp\u00e9cifications, des images et des documents connexes de haute qualit\u00e9 provenant de fabricants r\u00e9put\u00e9s sur tout [&hellip;]<\/p>\n","protected":false},"author":4,"featured_media":0,"parent":2469,"menu_order":0,"comment_status":"closed","ping_status":"closed","template":"","meta":{"_acf_changed":false,"content-type":"","inline_featured_image":false,"footnotes":""},"class_list":["post-7467","page","type-page","status-publish","hentry"],"acf":[],"yoast_head":"<!-- This site is optimized with the Yoast SEO plugin v27.3 - https:\/\/yoast.com\/product\/yoast-seo-wordpress\/ -->\n<title>CADdetails - ChamClad<\/title>\n<meta name=\"robots\" content=\"index, follow, max-snippet:-1, max-image-preview:large, max-video-preview:-1\" \/>\n<link rel=\"canonical\" href=\"https:\/\/chamclad.com\/fr\/ressources\/caddetails\/\" \/>\n<meta property=\"og:locale\" content=\"fr_FR\" \/>\n<meta property=\"og:type\" content=\"article\" \/>\n<meta property=\"og:title\" content=\"CADdetails - ChamClad\" \/>\n<meta property=\"og:description\" content=\"CADdetails est le principal fournisseur d&rsquo;informations sur les produits de construction sp\u00e9cifiques aux fabricants. Le site met en relation les professionnels de la construction en Am\u00e9rique du Nord avec des dessins CAO, des mod\u00e8les 3D, des fichiers BIM, des sp\u00e9cifications, des images et des documents connexes de haute qualit\u00e9 provenant de fabricants r\u00e9put\u00e9s sur tout [&hellip;]\" \/>\n<meta property=\"og:url\" content=\"https:\/\/chamclad.com\/fr\/ressources\/caddetails\/\" \/>\n<meta property=\"og:site_name\" content=\"ChamClad\" \/>\n<meta property=\"article:modified_time\" content=\"2025-02-24T17:21:27+00:00\" \/>\n<meta property=\"og:image\" content=\"https:\/\/chamclad.com\/wp-content\/uploads\/2024\/08\/Untitled-design-37.png\" \/>\n\t<meta property=\"og:image:width\" content=\"451\" \/>\n\t<meta property=\"og:image:height\" content=\"112\" \/>\n\t<meta property=\"og:image:type\" content=\"image\/png\" \/>\n<meta name=\"twitter:card\" content=\"summary_large_image\" \/>\n<script type=\"application\/ld+json\" class=\"yoast-schema-graph\">{\"@context\":\"https:\\\/\\\/schema.org\",\"@graph\":[{\"@type\":\"WebPage\",\"@id\":\"https:\\\/\\\/chamclad.com\\\/fr\\\/ressources\\\/caddetails\\\/\",\"url\":\"https:\\\/\\\/chamclad.com\\\/fr\\\/ressources\\\/caddetails\\\/\",\"name\":\"CADdetails - ChamClad\",\"isPartOf\":{\"@id\":\"https:\\\/\\\/chamclad.com\\\/#website\"},\"primaryImageOfPage\":{\"@id\":\"https:\\\/\\\/chamclad.com\\\/fr\\\/ressources\\\/caddetails\\\/#primaryimage\"},\"image\":{\"@id\":\"https:\\\/\\\/chamclad.com\\\/fr\\\/ressources\\\/caddetails\\\/#primaryimage\"},\"thumbnailUrl\":\"https:\\\/\\\/chamclad.com\\\/wp-content\\\/uploads\\\/2024\\\/08\\\/Untitled-design-37.png\",\"datePublished\":\"2024-08-13T21:42:15+00:00\",\"dateModified\":\"2025-02-24T17:21:27+00:00\",\"breadcrumb\":{\"@id\":\"https:\\\/\\\/chamclad.com\\\/fr\\\/ressources\\\/caddetails\\\/#breadcrumb\"},\"inLanguage\":\"fr-FR\",\"potentialAction\":[{\"@type\":\"ReadAction\",\"target\":[\"https:\\\/\\\/chamclad.com\\\/fr\\\/ressources\\\/caddetails\\\/\"]}]},{\"@type\":\"ImageObject\",\"inLanguage\":\"fr-FR\",\"@id\":\"https:\\\/\\\/chamclad.com\\\/fr\\\/ressources\\\/caddetails\\\/#primaryimage\",\"url\":\"https:\\\/\\\/chamclad.com\\\/wp-content\\\/uploads\\\/2024\\\/08\\\/Untitled-design-37.png\",\"contentUrl\":\"https:\\\/\\\/chamclad.com\\\/wp-content\\\/uploads\\\/2024\\\/08\\\/Untitled-design-37.png\"},{\"@type\":\"BreadcrumbList\",\"@id\":\"https:\\\/\\\/chamclad.com\\\/fr\\\/ressources\\\/caddetails\\\/#breadcrumb\",\"itemListElement\":[{\"@type\":\"ListItem\",\"position\":1,\"name\":\"Home\",\"item\":\"https:\\\/\\\/chamclad.com\\\/fr\\\/\"},{\"@type\":\"ListItem\",\"position\":2,\"name\":\"Ressources\",\"item\":\"https:\\\/\\\/chamclad.com\\\/fr\\\/ressources\\\/\"},{\"@type\":\"ListItem\",\"position\":3,\"name\":\"CADdetails\"}]},{\"@type\":\"WebSite\",\"@id\":\"https:\\\/\\\/chamclad.com\\\/#website\",\"url\":\"https:\\\/\\\/chamclad.com\\\/\",\"name\":\"ChamClad\",\"description\":\"Transforming Spaces\",\"publisher\":{\"@id\":\"https:\\\/\\\/chamclad.com\\\/#organization\"},\"potentialAction\":[{\"@type\":\"SearchAction\",\"target\":{\"@type\":\"EntryPoint\",\"urlTemplate\":\"https:\\\/\\\/chamclad.com\\\/?s={search_term_string}\"},\"query-input\":{\"@type\":\"PropertyValueSpecification\",\"valueRequired\":true,\"valueName\":\"search_term_string\"}}],\"inLanguage\":\"fr-FR\"},{\"@type\":\"Organization\",\"@id\":\"https:\\\/\\\/chamclad.com\\\/#organization\",\"name\":\"ChamClad\",\"url\":\"https:\\\/\\\/chamclad.com\\\/\",\"logo\":{\"@type\":\"ImageObject\",\"inLanguage\":\"fr-FR\",\"@id\":\"https:\\\/\\\/chamclad.com\\\/#\\\/schema\\\/logo\\\/image\\\/\",\"url\":\"https:\\\/\\\/chamclad.com\\\/wp-content\\\/uploads\\\/2025\\\/03\\\/chamclad_logo_h_reverse.png\",\"contentUrl\":\"https:\\\/\\\/chamclad.com\\\/wp-content\\\/uploads\\\/2025\\\/03\\\/chamclad_logo_h_reverse.png\",\"width\":2592,\"height\":864,\"caption\":\"ChamClad\"},\"image\":{\"@id\":\"https:\\\/\\\/chamclad.com\\\/#\\\/schema\\\/logo\\\/image\\\/\"}}]}<\/script>\n<!-- \/ Yoast SEO plugin. -->","yoast_head_json":{"title":"CADdetails - ChamClad","robots":{"index":"index","follow":"follow","max-snippet":"max-snippet:-1","max-image-preview":"max-image-preview:large","max-video-preview":"max-video-preview:-1"},"canonical":"https:\/\/chamclad.com\/fr\/ressources\/caddetails\/","og_locale":"fr_FR","og_type":"article","og_title":"CADdetails - ChamClad","og_description":"CADdetails est le principal fournisseur d&rsquo;informations sur les produits de construction sp\u00e9cifiques aux fabricants. Le site met en relation les professionnels de la construction en Am\u00e9rique du Nord avec des dessins CAO, des mod\u00e8les 3D, des fichiers BIM, des sp\u00e9cifications, des images et des documents connexes de haute qualit\u00e9 provenant de fabricants r\u00e9put\u00e9s sur tout [&hellip;]","og_url":"https:\/\/chamclad.com\/fr\/ressources\/caddetails\/","og_site_name":"ChamClad","article_modified_time":"2025-02-24T17:21:27+00:00","og_image":[{"width":451,"height":112,"url":"https:\/\/chamclad.com\/wp-content\/uploads\/2024\/08\/Untitled-design-37.png","type":"image\/png"}],"twitter_card":"summary_large_image","schema":{"@context":"https:\/\/schema.org","@graph":[{"@type":"WebPage","@id":"https:\/\/chamclad.com\/fr\/ressources\/caddetails\/","url":"https:\/\/chamclad.com\/fr\/ressources\/caddetails\/","name":"CADdetails - ChamClad","isPartOf":{"@id":"https:\/\/chamclad.com\/#website"},"primaryImageOfPage":{"@id":"https:\/\/chamclad.com\/fr\/ressources\/caddetails\/#primaryimage"},"image":{"@id":"https:\/\/chamclad.com\/fr\/ressources\/caddetails\/#primaryimage"},"thumbnailUrl":"https:\/\/chamclad.com\/wp-content\/uploads\/2024\/08\/Untitled-design-37.png","datePublished":"2024-08-13T21:42:15+00:00","dateModified":"2025-02-24T17:21:27+00:00","breadcrumb":{"@id":"https:\/\/chamclad.com\/fr\/ressources\/caddetails\/#breadcrumb"},"inLanguage":"fr-FR","potentialAction":[{"@type":"ReadAction","target":["https:\/\/chamclad.com\/fr\/ressources\/caddetails\/"]}]},{"@type":"ImageObject","inLanguage":"fr-FR","@id":"https:\/\/chamclad.com\/fr\/ressources\/caddetails\/#primaryimage","url":"https:\/\/chamclad.com\/wp-content\/uploads\/2024\/08\/Untitled-design-37.png","contentUrl":"https:\/\/chamclad.com\/wp-content\/uploads\/2024\/08\/Untitled-design-37.png"},{"@type":"BreadcrumbList","@id":"https:\/\/chamclad.com\/fr\/ressources\/caddetails\/#breadcrumb","itemListElement":[{"@type":"ListItem","position":1,"name":"Home","item":"https:\/\/chamclad.com\/fr\/"},{"@type":"ListItem","position":2,"name":"Ressources","item":"https:\/\/chamclad.com\/fr\/ressources\/"},{"@type":"ListItem","position":3,"name":"CADdetails"}]},{"@type":"WebSite","@id":"https:\/\/chamclad.com\/#website","url":"https:\/\/chamclad.com\/","name":"ChamClad","description":"Transforming Spaces","publisher":{"@id":"https:\/\/chamclad.com\/#organization"},"potentialAction":[{"@type":"SearchAction","target":{"@type":"EntryPoint","urlTemplate":"https:\/\/chamclad.com\/?s={search_term_string}"},"query-input":{"@type":"PropertyValueSpecification","valueRequired":true,"valueName":"search_term_string"}}],"inLanguage":"fr-FR"},{"@type":"Organization","@id":"https:\/\/chamclad.com\/#organization","name":"ChamClad","url":"https:\/\/chamclad.com\/","logo":{"@type":"ImageObject","inLanguage":"fr-FR","@id":"https:\/\/chamclad.com\/#\/schema\/logo\/image\/","url":"https:\/\/chamclad.com\/wp-content\/uploads\/2025\/03\/chamclad_logo_h_reverse.png","contentUrl":"https:\/\/chamclad.com\/wp-content\/uploads\/2025\/03\/chamclad_logo_h_reverse.png","width":2592,"height":864,"caption":"ChamClad"},"image":{"@id":"https:\/\/chamclad.com\/#\/schema\/logo\/image\/"}}]}},"_links":{"self":[{"href":"https:\/\/chamclad.com\/fr\/wp-json\/wp\/v2\/pages\/7467","targetHints":{"allow":["GET"]}}],"collection":[{"href":"https:\/\/chamclad.com\/fr\/wp-json\/wp\/v2\/pages"}],"about":[{"href":"https:\/\/chamclad.com\/fr\/wp-json\/wp\/v2\/types\/page"}],"author":[{"embeddable":true,"href":"https:\/\/chamclad.com\/fr\/wp-json\/wp\/v2\/users\/4"}],"replies":[{"embeddable":true,"href":"https:\/\/chamclad.com\/fr\/wp-json\/wp\/v2\/comments?post=7467"}],"version-history":[{"count":0,"href":"https:\/\/chamclad.com\/fr\/wp-json\/wp\/v2\/pages\/7467\/revisions"}],"up":[{"embeddable":true,"href":"https:\/\/chamclad.com\/fr\/wp-json\/wp\/v2\/pages\/2469"}],"wp:attachment":[{"href":"https:\/\/chamclad.com\/fr\/wp-json\/wp\/v2\/media?parent=7467"}],"curies":[{"name":"wp","href":"https:\/\/api.w.org\/{rel}","templated":true}]}}